{"id":200,"date":"2014-04-20T21:34:43","date_gmt":"2014-04-20T19:34:43","guid":{"rendered":"http:\/\/cm.lecture.nonstatics.com\/wcms\/?page_id=200"},"modified":"2014-05-04T17:16:32","modified_gmt":"2014-05-04T15:16:32","slug":"feedback","status":"publish","type":"page","link":"https:\/\/cm.lecture.nonstatics.com\/wcms\/feedback\/","title":{"rendered":"Feedback"},"content":{"rendered":"<p>Ich freue mich \u00fcber jede Art von konstruktivem Feedback. Verbesserungsvorschl\u00e4ge zu den Folien oder zum Vortragsstil sind herzlich willkommen. Es d\u00fcrfen auch gerne weitere Fragen gestellt oder sonstige Anmerkungen eingebracht werden.<\/p>\n<p>[contact-form-7 id=&#8220;202&#8243; title=&#8220;Feedback Formular&#8220;]<\/p>\n","protected":false},"excerpt":{"rendered":"<p>Ich freue mich \u00fcber jede Art von konstruktivem Feedback. Verbesserungsvorschl\u00e4ge zu den Folien oder zum Vortragsstil sind herzlich willkommen. Es d\u00fcrfen auch gerne weitere Fragen gestellt oder sonstige Anmerkungen eingebracht werden. [contact-form-7 id=&#8220;202&#8243; title=&#8220;Feedback Formular&#8220;]<\/p>\n","protected":false},"author":1,"featured_media":0,"parent":0,"menu_order":5,"comment_status":"closed","ping_status":"closed","template":"","meta":[],"_links":{"self":[{"href":"https:\/\/cm.lecture.nonstatics.com\/wcms\/wp-json\/wp\/v2\/pages\/200"}],"collection":[{"href":"https:\/\/cm.lecture.nonstatics.com\/wcms\/wp-json\/wp\/v2\/pages"}],"about":[{"href":"https:\/\/cm.lecture.nonstatics.com\/wcms\/wp-json\/wp\/v2\/types\/page"}],"author":[{"embeddable":true,"href":"https:\/\/cm.lecture.nonstatics.com\/wcms\/wp-json\/wp\/v2\/users\/1"}],"replies":[{"embeddable":true,"href":"https:\/\/cm.lecture.nonstatics.com\/wcms\/wp-json\/wp\/v2\/comments?post=200"}],"version-history":[{"count":8,"href":"https:\/\/cm.lecture.nonstatics.com\/wcms\/wp-json\/wp\/v2\/pages\/200\/revisions"}],"predecessor-version":[{"id":209,"href":"https:\/\/cm.lecture.nonstatics.com\/wcms\/wp-json\/wp\/v2\/pages\/200\/revisions\/209"}],"wp:attachment":[{"href":"https:\/\/cm.lecture.nonstatics.com\/wcms\/wp-json\/wp\/v2\/media?parent=200"}],"curies":[{"name":"wp","href":"https:\/\/api.w.org\/{rel}","templated":true}]}}