{"id":2,"date":"2014-04-13T13:32:45","date_gmt":"2014-04-13T11:32:45","guid":{"rendered":"http:\/\/cm.lecture.nonstatics.com\/wcms\/?page_id=2"},"modified":"2015-04-15T19:58:15","modified_gmt":"2015-04-15T17:58:15","slug":"home","status":"publish","type":"page","link":"https:\/\/cm.lecture.nonstatics.com\/wcms\/","title":{"rendered":"Home"},"content":{"rendered":"<p>Diese Seite soll begleitend zur Vorlesung &#8222;Content Management&#8220; an der <a href=\"http:\/\/www.fh-wedel.de\" target=\"_blank\">FH Wedel<\/a> die entsprechenden Materialien und <a href=\"\/wcms\/vorlesungen\/\">Vorlesungsfolien<\/a> bereitstellen.<\/p>\n<p>Die Foliens\u00e4tze werden immer zur Vorlesung online verf\u00fcgbar gemacht. Die Folien werden als HTML Slideshow aufbereitet und k\u00f6nnen \u00fcber den Browser als PDF gespeichert werden. Zus\u00e4tzlich wird eine fertige PDF angeboten.<\/p>\n<p>Die Vorlesung wird in 6 Bl\u00f6cken abgehalten. Die Bl\u00f6cke finden jeweils 14-t\u00e4gig statt.<br \/>\nTermine, HS1:<\/p>\n<ul>\n<li>Do. 16.04.2015<\/li>\n<li>Do. 30.04.2015<\/li>\n<li>Do. 21.05.2015<\/li>\n<li>Do. 04.06.2015<\/li>\n<li>Do. 18.06.2015<\/li>\n<li>Do. 02.07.2015<\/li>\n<\/ul>\n<p>Fragen d\u00fcrfen gerne jederzeit unter: <a href=\"mailto:sm@nonstatics.com\">sm@nonstatics.com<\/a> gestellt werden.<\/p>\n<p>Sebastian Martens<\/p>\n","protected":false},"excerpt":{"rendered":"<p>Diese Seite soll begleitend zur Vorlesung &#8222;Content Management&#8220; an der FH Wedel die entsprechenden Materialien und Vorlesungsfolien bereitstellen. Die Foliens\u00e4tze werden immer zur Vorlesung online verf\u00fcgbar gemacht. Die Folien werden als HTML Slideshow aufbereitet und k\u00f6nnen \u00fcber den Browser als PDF gespeichert werden. Zus\u00e4tzlich wird eine fertige PDF angeboten. Die Vorlesung wird in 6 Bl\u00f6cken [&hellip;]<\/p>\n","protected":false},"author":1,"featured_media":0,"parent":0,"menu_order":2,"comment_status":"open","ping_status":"closed","template":"","meta":[],"_links":{"self":[{"href":"https:\/\/cm.lecture.nonstatics.com\/wcms\/wp-json\/wp\/v2\/pages\/2"}],"collection":[{"href":"https:\/\/cm.lecture.nonstatics.com\/wcms\/wp-json\/wp\/v2\/pages"}],"about":[{"href":"https:\/\/cm.lecture.nonstatics.com\/wcms\/wp-json\/wp\/v2\/types\/page"}],"author":[{"embeddable":true,"href":"https:\/\/cm.lecture.nonstatics.com\/wcms\/wp-json\/wp\/v2\/users\/1"}],"replies":[{"embeddable":true,"href":"https:\/\/cm.lecture.nonstatics.com\/wcms\/wp-json\/wp\/v2\/comments?post=2"}],"version-history":[{"count":15,"href":"https:\/\/cm.lecture.nonstatics.com\/wcms\/wp-json\/wp\/v2\/pages\/2\/revisions"}],"predecessor-version":[{"id":1651,"href":"https:\/\/cm.lecture.nonstatics.com\/wcms\/wp-json\/wp\/v2\/pages\/2\/revisions\/1651"}],"wp:attachment":[{"href":"https:\/\/cm.lecture.nonstatics.com\/wcms\/wp-json\/wp\/v2\/media?parent=2"}],"curies":[{"name":"wp","href":"https:\/\/api.w.org\/{rel}","templated":true}]}}